{"id":13459,"date":"2021-12-15T20:42:38","date_gmt":"2021-12-15T18:42:38","guid":{"rendered":"https:\/\/mava.cat\/mava\/"},"modified":"2021-12-19T11:53:00","modified_gmt":"2021-12-19T09:53:00","slug":"mava","status":"publish","type":"page","link":"https:\/\/mava.cat\/es\/mava\/","title":{"rendered":"MAVA"},"content":{"rendered":"\t\t<div data-elementor-type=\"wp-page\" data-elementor-id=\"13459\" class=\"elementor elementor-13459 elementor-3849\" data-elementor-post-type=\"page\">\n\t\t\t\t\t\t<section class=\"elementor-section elementor-top-section elementor-element elementor-element-2b76c77 elementor-section-full_width elementor-section-height-default elementor-section-height-default\" data-id=\"2b76c77\" data-element_type=\"section\" data-e-type=\"section\">\n\t\t\t\t\t\t<div class=\"elementor-container elementor-column-gap-no\">\n\t\t\t\t\t<div class=\"elementor-column elementor-col-100 elementor-top-column elementor-element elementor-element-3b65ea0\" data-id=\"3b65ea0\" data-element_type=\"column\" data-e-type=\"column\">\n\t\t\t<div class=\"elementor-widget-wrap elementor-element-populated\">\n\t\t\t\t\t\t<div class=\"elementor-element elementor-element-d1396da elementor-widget elementor-widget-heading\" data-id=\"d1396da\" data-element_type=\"widget\" data-e-type=\"widget\" data-widget_type=\"heading.default\">\n\t\t\t\t<div class=\"elementor-widget-container\">\n\t\t\t\t\t<h2 class=\"elementor-heading-title elementor-size-default\">JOYER\u00cdA DE AUTORA: 100% ARTESANAL <\/br>DISE\u00d1O Y FABRICACI\u00d3N PROPIAS <\/br>PIEZAS \u00daNICAS Y PERSONALIZADAS<\/h2>\t\t\t\t<\/div>\n\t\t\t\t<\/div>\n\t\t\t\t<div class=\"elementor-element elementor-element-6941577 elementor-widget elementor-widget-image\" data-id=\"6941577\" data-element_type=\"widget\" data-e-type=\"widget\" data-widget_type=\"image.default\">\n\t\t\t\t<div class=\"elementor-widget-container\">\n\t\t\t\t\t\t\t\t\t\t\t\t\t\t\t<img fetchpriority=\"high\" decoding=\"async\" width=\"1920\" height=\"1031\" src=\"https:\/\/mava.cat\/wp-content\/uploads\/2021\/11\/Mavajoies_71_bo.jpg\" class=\"attachment-full size-full wp-image-3861\" alt=\"\" srcset=\"https:\/\/mava.cat\/wp-content\/uploads\/2021\/11\/Mavajoies_71_bo.jpg 1920w, https:\/\/mava.cat\/wp-content\/uploads\/2021\/11\/Mavajoies_71_bo-300x161.jpg 300w, https:\/\/mava.cat\/wp-content\/uploads\/2021\/11\/Mavajoies_71_bo-1024x550.jpg 1024w, https:\/\/mava.cat\/wp-content\/uploads\/2021\/11\/Mavajoies_71_bo-768x412.jpg 768w, https:\/\/mava.cat\/wp-content\/uploads\/2021\/11\/Mavajoies_71_bo-1536x825.jpg 1536w, https:\/\/mava.cat\/wp-content\/uploads\/2021\/11\/Mavajoies_71_bo-840x451.jpg 840w\" sizes=\"(max-width: 1920px) 100vw, 1920px\" \/>\t\t\t\t\t\t\t\t\t\t\t\t\t\t\t<\/div>\n\t\t\t\t<\/div>\n\t\t\t\t\t<\/div>\n\t\t<\/div>\n\t\t\t\t\t<\/div>\n\t\t<\/section>\n\t\t\t\t<section class=\"elementor-section elementor-top-section elementor-element elementor-element-38fee42 elementor-section-full_width elementor-section-height-default elementor-section-height-default\" data-id=\"38fee42\" data-element_type=\"section\" data-e-type=\"section\">\n\t\t\t\t\t\t<div class=\"elementor-container elementor-column-gap-no\">\n\t\t\t\t\t<div class=\"elementor-column elementor-col-100 elementor-top-column elementor-element elementor-element-1ce01d8\" data-id=\"1ce01d8\" data-element_type=\"column\" data-e-type=\"column\">\n\t\t\t<div class=\"elementor-widget-wrap elementor-element-populated\">\n\t\t\t\t\t\t<section class=\"elementor-section elementor-inner-section elementor-element elementor-element-282c1c4 elementor-section-full_width elementor-section-height-default elementor-section-height-default\" data-id=\"282c1c4\" data-element_type=\"section\" data-e-type=\"section\">\n\t\t\t\t\t\t<div class=\"elementor-container elementor-column-gap-no\">\n\t\t\t\t\t<div class=\"elementor-column elementor-col-50 elementor-inner-column elementor-element elementor-element-b715cf1\" data-id=\"b715cf1\" data-element_type=\"column\" data-e-type=\"column\">\n\t\t\t<div class=\"elementor-widget-wrap elementor-element-populated\">\n\t\t\t\t\t\t<div class=\"elementor-element elementor-element-171f973 elementor-widget elementor-widget-heading\" data-id=\"171f973\" data-element_type=\"widget\" data-e-type=\"widget\" data-widget_type=\"heading.default\">\n\t\t\t\t<div class=\"elementor-widget-container\">\n\t\t\t\t\t<p class=\"elementor-heading-title elementor-size-default\">Me llamo Cristina y me dedico al dise\u00f1o y creaci\u00f3n de joyas artesanales y joyas de obra \u00fanica. Ejerzo de profesora impartiendo clases regulares en la Tienda\/Taller y monogr\u00e1ficos especializados en la Escuela de Arte y Superior de Dise\u00f1o de Vic.<\/p>\t\t\t\t<\/div>\n\t\t\t\t<\/div>\n\t\t\t\t<div class=\"elementor-element elementor-element-1b78528 elementor-widget elementor-widget-heading\" data-id=\"1b78528\" data-element_type=\"widget\" data-e-type=\"widget\" data-widget_type=\"heading.default\">\n\t\t\t\t<div class=\"elementor-widget-container\">\n\t\t\t\t\t<p class=\"elementor-heading-title elementor-size-default\">MAVA es la fusi\u00f3n de dos oficios artesanos, la joyer\u00eda y la escultura. Hemos creado la Tienda \/ Taller en defensa del comercio de proximidad, ofreciendo productos y talleres personalizados.<\/p>\t\t\t\t<\/div>\n\t\t\t\t<\/div>\n\t\t\t\t\t<\/div>\n\t\t<\/div>\n\t\t\t\t<div class=\"elementor-column elementor-col-50 elementor-inner-column elementor-element elementor-element-ea72722\" data-id=\"ea72722\" data-element_type=\"column\" data-e-type=\"column\">\n\t\t\t<div class=\"elementor-widget-wrap elementor-element-populated\">\n\t\t\t\t\t\t<div class=\"elementor-element elementor-element-352a7e6 elementor-widget elementor-widget-heading\" data-id=\"352a7e6\" data-element_type=\"widget\" data-e-type=\"widget\" data-widget_type=\"heading.default\">\n\t\t\t\t<div class=\"elementor-widget-container\">\n\t\t\t\t\t<p class=\"elementor-heading-title elementor-size-default\">TRAYECTORIA ART\u00cdSTICA<\/p>\t\t\t\t<\/div>\n\t\t\t\t<\/div>\n\t\t\t\t<div class=\"elementor-element elementor-element-cc8e372 elementor-widget elementor-widget-heading\" data-id=\"cc8e372\" data-element_type=\"widget\" data-e-type=\"widget\" data-widget_type=\"heading.default\">\n\t\t\t\t<div class=\"elementor-widget-container\">\n\t\t\t\t\t<p class=\"elementor-heading-title elementor-size-default\">He participado en diferentes exposiciones, fusionando t\u00e9cnicas de escultura y joyer\u00eda:<\/p>\t\t\t\t<\/div>\n\t\t\t\t<\/div>\n\t\t\t\t<div class=\"elementor-element elementor-element-0865c73 elementor-widget elementor-widget-heading\" data-id=\"0865c73\" data-element_type=\"widget\" data-e-type=\"widget\" data-widget_type=\"heading.default\">\n\t\t\t\t<div class=\"elementor-widget-container\">\n\t\t\t\t\t<p class=\"elementor-heading-title elementor-size-default\">* Exposici\u00f3n \u201cElementos\u201d Joyer\u00eda y geometr\u00eda, en la sala Icra de Vic.<\/p>\t\t\t\t<\/div>\n\t\t\t\t<\/div>\n\t\t\t\t<div class=\"elementor-element elementor-element-f594932 elementor-widget elementor-widget-heading\" data-id=\"f594932\" data-element_type=\"widget\" data-e-type=\"widget\" data-widget_type=\"heading.default\">\n\t\t\t\t<div class=\"elementor-widget-container\">\n\t\t\t\t\t<p class=\"elementor-heading-title elementor-size-default\">* Exposici\u00f3n Talcomsomos organizada por la asociaci\u00f3n LGTB en la Biblioteca Joan Triad\u00fa de Vic.<\/p>\t\t\t\t<\/div>\n\t\t\t\t<\/div>\n\t\t\t\t<div class=\"elementor-element elementor-element-4c21f12 elementor-widget elementor-widget-heading\" data-id=\"4c21f12\" data-element_type=\"widget\" data-e-type=\"widget\" data-widget_type=\"heading.default\">\n\t\t\t\t<div class=\"elementor-widget-container\">\n\t\t\t\t\t<p class=\"elementor-heading-title elementor-size-default\">*Exposici\u00f3n colectiva en la galer\u00eda de Arte Can Patalarga de Manlleu.<\/p>\t\t\t\t<\/div>\n\t\t\t\t<\/div>\n\t\t\t\t<div class=\"elementor-element elementor-element-d1155eb elementor-widget elementor-widget-heading\" data-id=\"d1155eb\" data-element_type=\"widget\" data-e-type=\"widget\" data-widget_type=\"heading.default\">\n\t\t\t\t<div class=\"elementor-widget-container\">\n\t\t\t\t\t<p class=\"elementor-heading-title elementor-size-default\">*Exposici\u00f3n Mapas en la Escola Massana de Barcelona.<\/p>\t\t\t\t<\/div>\n\t\t\t\t<\/div>\n\t\t\t\t\t<\/div>\n\t\t<\/div>\n\t\t\t\t\t<\/div>\n\t\t<\/section>\n\t\t\t\t\t<\/div>\n\t\t<\/div>\n\t\t\t\t\t<\/div>\n\t\t<\/section>\n\t\t\t\t<section class=\"elementor-section elementor-top-section elementor-element elementor-element-a41fff6 elementor-section-full_width elementor-section-height-default elementor-section-height-default\" data-id=\"a41fff6\" data-element_type=\"section\" data-e-type=\"section\">\n\t\t\t\t\t\t<div class=\"elementor-container elementor-column-gap-no\">\n\t\t\t\t\t<div class=\"elementor-column elementor-col-100 elementor-top-column elementor-element elementor-element-d1983b4\" data-id=\"d1983b4\" data-element_type=\"column\" data-e-type=\"column\">\n\t\t\t<div class=\"elementor-widget-wrap elementor-element-populated\">\n\t\t\t\t\t\t<div class=\"elementor-element elementor-element-9b6adaf elementor-widget-divider--view-line elementor-widget elementor-widget-divider\" data-id=\"9b6adaf\" data-element_type=\"widget\" data-e-type=\"widget\" data-widget_type=\"divider.default\">\n\t\t\t\t<div class=\"elementor-widget-container\">\n\t\t\t\t\t\t\t<div class=\"elementor-divider\">\n\t\t\t<span class=\"elementor-divider-separator\">\n\t\t\t\t\t\t<\/span>\n\t\t<\/div>\n\t\t\t\t\t\t<\/div>\n\t\t\t\t<\/div>\n\t\t\t\t<div class=\"elementor-element elementor-element-f86d565 elementor-widget elementor-widget-heading\" data-id=\"f86d565\" data-element_type=\"widget\" data-e-type=\"widget\" data-widget_type=\"heading.default\">\n\t\t\t\t<div class=\"elementor-widget-container\">\n\t\t\t\t\t<h2 class=\"elementor-heading-title elementor-size-default\">MAVA<\/h2>\t\t\t\t<\/div>\n\t\t\t\t<\/div>\n\t\t\t\t<div class=\"elementor-element elementor-element-e6c4671 elementor-widget elementor-widget-heading\" data-id=\"e6c4671\" data-element_type=\"widget\" data-e-type=\"widget\" data-widget_type=\"heading.default\">\n\t\t\t\t<div class=\"elementor-widget-container\">\n\t\t\t\t\t<p class=\"elementor-heading-title elementor-size-default\">Mava es un taller de joyer\u00eda 100% artesanal, que potencia el comercio de proximidad, creado en 2015 a ra\u00edz del proyecto art\u00edstico de Cristina Martin Vargas.<\/p>\t\t\t\t<\/div>\n\t\t\t\t<\/div>\n\t\t\t\t<div class=\"elementor-element elementor-element-92801a3 elementor-widget elementor-widget-heading\" data-id=\"92801a3\" data-element_type=\"widget\" data-e-type=\"widget\" data-widget_type=\"heading.default\">\n\t\t\t\t<div class=\"elementor-widget-container\">\n\t\t\t\t\t<p class=\"elementor-heading-title elementor-size-default\">De car\u00e1cter geom\u00e9trico y r\u00fastico, busca la potencia y la elegancia en armon\u00eda. El car\u00e1cter y lo sutil en di\u00e1logo.<\/p>\t\t\t\t<\/div>\n\t\t\t\t<\/div>\n\t\t\t\t<div class=\"elementor-element elementor-element-9020a1f elementor-widget elementor-widget-heading\" data-id=\"9020a1f\" data-element_type=\"widget\" data-e-type=\"widget\" data-widget_type=\"heading.default\">\n\t\t\t\t<div class=\"elementor-widget-container\">\n\t\t\t\t\t<p class=\"elementor-heading-title elementor-size-default\">La sostenibilidad, la empat\u00eda, la proximidad, la dedicaci\u00f3n, el cuidado... son valores esenciales en nuestro trabajo diario.<\/p>\t\t\t\t<\/div>\n\t\t\t\t<\/div>\n\t\t\t\t<div class=\"elementor-element elementor-element-0850faf elementor-widget elementor-widget-heading\" data-id=\"0850faf\" data-element_type=\"widget\" data-e-type=\"widget\" data-widget_type=\"heading.default\">\n\t\t\t\t<div class=\"elementor-widget-container\">\n\t\t\t\t\t<p class=\"elementor-heading-title elementor-size-default\">Los metales que utilizamos son plata de primera ley, oro de 18 Q, y piedra preciosa. Nuestra materia prima proviene de empresas que certifican el compromiso con el planeta, el medio ambiente y los derechos humanos.<\/p>\t\t\t\t<\/div>\n\t\t\t\t<\/div>\n\t\t\t\t<div class=\"elementor-element elementor-element-7a230a2 elementor-widget elementor-widget-heading\" data-id=\"7a230a2\" data-element_type=\"widget\" data-e-type=\"widget\" data-widget_type=\"heading.default\">\n\t\t\t\t<div class=\"elementor-widget-container\">\n\t\t\t\t\t<p class=\"elementor-heading-title elementor-size-default\">Todas nuestras creaciones est\u00e1n realizadas con nuestras manos, desde los primeros esbozos hasta los \u00faltimos acabados. Creamos colecciones propias con car\u00e1cter \u00fanico, series limitadas especiales y piezas \u00fanicas irrepetibles. Todas nuestras creaciones son de dise\u00f1o y fabricaci\u00f3n propia.<\/p>\t\t\t\t<\/div>\n\t\t\t\t<\/div>\n\t\t\t\t<div class=\"elementor-element elementor-element-4c3cfbf elementor-widget elementor-widget-heading\" data-id=\"4c3cfbf\" data-element_type=\"widget\" data-e-type=\"widget\" data-widget_type=\"heading.default\">\n\t\t\t\t<div class=\"elementor-widget-container\">\n\t\t\t\t\t<p class=\"elementor-heading-title elementor-size-default\">Puede adquirir nuestras joyas en la tienda de la calle Riera de Vic n\u00famero 29, punto de inter\u00e9s artesanal de la Generalitat de Catalu\u00f1a, y en nuestra web on-line.<\/p>\t\t\t\t<\/div>\n\t\t\t\t<\/div>\n\t\t\t\t<div class=\"elementor-element elementor-element-4882e6b elementor-widget elementor-widget-image\" data-id=\"4882e6b\" data-element_type=\"widget\" data-e-type=\"widget\" data-widget_type=\"image.default\">\n\t\t\t\t<div class=\"elementor-widget-container\">\n\t\t\t\t\t\t\t\t\t\t\t\t\t\t\t<img decoding=\"async\" width=\"411\" height=\"445\" src=\"https:\/\/mava.cat\/wp-content\/uploads\/2021\/11\/simbol_mava_gris-01-1.svg\" class=\"attachment-full size-full wp-image-3871\" alt=\"\" \/>\t\t\t\t\t\t\t\t\t\t\t\t\t\t\t<\/div>\n\t\t\t\t<\/div>\n\t\t\t\t\t<\/div>\n\t\t<\/div>\n\t\t\t\t\t<\/div>\n\t\t<\/section>\n\t\t\t\t<\/div>\n\t\t","protected":false},"excerpt":{"rendered":"<p>JOYER\u00cdA DE AUTORA: 100% ARTESANAL DISE\u00d1O Y FABRICACI\u00d3N PROPIAS PIEZAS \u00daNICAS Y PERSONALIZADAS Me llamo Cristina y me dedico al dise\u00f1o y creaci\u00f3n de joyas artesanales y joyas de obra&hellip;<\/p>\n","protected":false},"author":9,"featured_media":0,"parent":0,"menu_order":0,"comment_status":"closed","ping_status":"closed","template":"elementor_header_footer","meta":{"inline_featured_image":false,"_joinchat":[],"footnotes":""},"class_list":["post-13459","page","type-page","status-publish","hentry"],"yoast_head":"<!-- This site is optimized with the Yoast SEO plugin v27.4 - https:\/\/yoast.com\/product\/yoast-seo-wordpress\/ -->\n<title>Joyera de autora en Vic artesanal - Mava<\/title>\n<meta name=\"description\" content=\"Joyera de autora en Vic. Compra joyas 100% artesanales de dise\u00f1o y fabricaci\u00f3n pr\u00f3pias. Joyas unicas y personalizadas.\" \/>\n<meta name=\"robots\" content=\"index, follow, max-snippet:-1, max-image-preview:large, max-video-preview:-1\" \/>\n<link rel=\"canonical\" href=\"https:\/\/mava.cat\/mava\/\" \/>\n<meta property=\"og:locale\" content=\"es_ES\" \/>\n<meta property=\"og:type\" content=\"article\" \/>\n<meta property=\"og:title\" content=\"Joyera de autora en Vic artesanal - Mava\" \/>\n<meta property=\"og:description\" content=\"Joyera de autora en Vic. Compra joyas 100% artesanales de dise\u00f1o y fabricaci\u00f3n pr\u00f3pias. Joyas unicas y personalizadas.\" \/>\n<meta property=\"og:url\" content=\"https:\/\/mava.cat\/mava\/\" \/>\n<meta property=\"og:site_name\" content=\"Mava\" \/>\n<meta property=\"article:modified_time\" content=\"2021-12-19T09:53:00+00:00\" \/>\n<meta property=\"og:image\" content=\"https:\/\/mava.cat\/wp-content\/uploads\/2021\/11\/Mavajoies_71_bo.jpg\" \/>\n<meta name=\"twitter:card\" content=\"summary_large_image\" \/>\n<meta name=\"twitter:label1\" content=\"Tiempo de lectura\" \/>\n\t<meta name=\"twitter:data1\" content=\"2 minutos\" \/>\n<script type=\"application\/ld+json\" class=\"yoast-schema-graph\">{\"@context\":\"https:\\\/\\\/schema.org\",\"@graph\":[{\"@type\":\"WebPage\",\"@id\":\"https:\\\/\\\/mava.cat\\\/mava\\\/\",\"url\":\"https:\\\/\\\/mava.cat\\\/mava\\\/\",\"name\":\"Joyera de autora en Vic artesanal - Mava\",\"isPartOf\":{\"@id\":\"https:\\\/\\\/mava.cat\\\/#website\"},\"primaryImageOfPage\":{\"@id\":\"https:\\\/\\\/mava.cat\\\/mava\\\/#primaryimage\"},\"image\":{\"@id\":\"https:\\\/\\\/mava.cat\\\/mava\\\/#primaryimage\"},\"thumbnailUrl\":\"https:\\\/\\\/mava.cat\\\/wp-content\\\/uploads\\\/2021\\\/11\\\/Mavajoies_71_bo.jpg\",\"datePublished\":\"2021-12-15T18:42:38+00:00\",\"dateModified\":\"2021-12-19T09:53:00+00:00\",\"description\":\"Joyera de autora en Vic. Compra joyas 100% artesanales de dise\u00f1o y fabricaci\u00f3n pr\u00f3pias. Joyas unicas y personalizadas.\",\"breadcrumb\":{\"@id\":\"https:\\\/\\\/mava.cat\\\/mava\\\/#breadcrumb\"},\"inLanguage\":\"es\",\"potentialAction\":[{\"@type\":\"ReadAction\",\"target\":[\"https:\\\/\\\/mava.cat\\\/mava\\\/\"]}]},{\"@type\":\"ImageObject\",\"inLanguage\":\"es\",\"@id\":\"https:\\\/\\\/mava.cat\\\/mava\\\/#primaryimage\",\"url\":\"https:\\\/\\\/mava.cat\\\/wp-content\\\/uploads\\\/2021\\\/11\\\/Mavajoies_71_bo.jpg\",\"contentUrl\":\"https:\\\/\\\/mava.cat\\\/wp-content\\\/uploads\\\/2021\\\/11\\\/Mavajoies_71_bo.jpg\"},{\"@type\":\"BreadcrumbList\",\"@id\":\"https:\\\/\\\/mava.cat\\\/mava\\\/#breadcrumb\",\"itemListElement\":[{\"@type\":\"ListItem\",\"position\":1,\"name\":\"Inici\",\"item\":\"https:\\\/\\\/mava.cat\\\/\"},{\"@type\":\"ListItem\",\"position\":2,\"name\":\"MAVA\"}]},{\"@type\":\"WebSite\",\"@id\":\"https:\\\/\\\/mava.cat\\\/#website\",\"url\":\"https:\\\/\\\/mava.cat\\\/\",\"name\":\"Mava\",\"description\":\"Joieria d&#039;autor\",\"potentialAction\":[{\"@type\":\"SearchAction\",\"target\":{\"@type\":\"EntryPoint\",\"urlTemplate\":\"https:\\\/\\\/mava.cat\\\/?s={search_term_string}\"},\"query-input\":{\"@type\":\"PropertyValueSpecification\",\"valueRequired\":true,\"valueName\":\"search_term_string\"}}],\"inLanguage\":\"es\"}]}<\/script>\n<!-- \/ Yoast SEO plugin. -->","yoast_head_json":{"title":"Joyera de autora en Vic artesanal - Mava","description":"Joyera de autora en Vic. Compra joyas 100% artesanales de dise\u00f1o y fabricaci\u00f3n pr\u00f3pias. Joyas unicas y personalizadas.","robots":{"index":"index","follow":"follow","max-snippet":"max-snippet:-1","max-image-preview":"max-image-preview:large","max-video-preview":"max-video-preview:-1"},"canonical":"https:\/\/mava.cat\/mava\/","og_locale":"es_ES","og_type":"article","og_title":"Joyera de autora en Vic artesanal - Mava","og_description":"Joyera de autora en Vic. Compra joyas 100% artesanales de dise\u00f1o y fabricaci\u00f3n pr\u00f3pias. Joyas unicas y personalizadas.","og_url":"https:\/\/mava.cat\/mava\/","og_site_name":"Mava","article_modified_time":"2021-12-19T09:53:00+00:00","og_image":[{"url":"https:\/\/mava.cat\/wp-content\/uploads\/2021\/11\/Mavajoies_71_bo.jpg","type":"","width":"","height":""}],"twitter_card":"summary_large_image","twitter_misc":{"Tiempo de lectura":"2 minutos"},"schema":{"@context":"https:\/\/schema.org","@graph":[{"@type":"WebPage","@id":"https:\/\/mava.cat\/mava\/","url":"https:\/\/mava.cat\/mava\/","name":"Joyera de autora en Vic artesanal - Mava","isPartOf":{"@id":"https:\/\/mava.cat\/#website"},"primaryImageOfPage":{"@id":"https:\/\/mava.cat\/mava\/#primaryimage"},"image":{"@id":"https:\/\/mava.cat\/mava\/#primaryimage"},"thumbnailUrl":"https:\/\/mava.cat\/wp-content\/uploads\/2021\/11\/Mavajoies_71_bo.jpg","datePublished":"2021-12-15T18:42:38+00:00","dateModified":"2021-12-19T09:53:00+00:00","description":"Joyera de autora en Vic. Compra joyas 100% artesanales de dise\u00f1o y fabricaci\u00f3n pr\u00f3pias. Joyas unicas y personalizadas.","breadcrumb":{"@id":"https:\/\/mava.cat\/mava\/#breadcrumb"},"inLanguage":"es","potentialAction":[{"@type":"ReadAction","target":["https:\/\/mava.cat\/mava\/"]}]},{"@type":"ImageObject","inLanguage":"es","@id":"https:\/\/mava.cat\/mava\/#primaryimage","url":"https:\/\/mava.cat\/wp-content\/uploads\/2021\/11\/Mavajoies_71_bo.jpg","contentUrl":"https:\/\/mava.cat\/wp-content\/uploads\/2021\/11\/Mavajoies_71_bo.jpg"},{"@type":"BreadcrumbList","@id":"https:\/\/mava.cat\/mava\/#breadcrumb","itemListElement":[{"@type":"ListItem","position":1,"name":"Inici","item":"https:\/\/mava.cat\/"},{"@type":"ListItem","position":2,"name":"MAVA"}]},{"@type":"WebSite","@id":"https:\/\/mava.cat\/#website","url":"https:\/\/mava.cat\/","name":"Mava","description":"Joieria d&#039;autor","potentialAction":[{"@type":"SearchAction","target":{"@type":"EntryPoint","urlTemplate":"https:\/\/mava.cat\/?s={search_term_string}"},"query-input":{"@type":"PropertyValueSpecification","valueRequired":true,"valueName":"search_term_string"}}],"inLanguage":"es"}]}},"_links":{"self":[{"href":"https:\/\/mava.cat\/es\/wp-json\/wp\/v2\/pages\/13459","targetHints":{"allow":["GET"]}}],"collection":[{"href":"https:\/\/mava.cat\/es\/wp-json\/wp\/v2\/pages"}],"about":[{"href":"https:\/\/mava.cat\/es\/wp-json\/wp\/v2\/types\/page"}],"author":[{"embeddable":true,"href":"https:\/\/mava.cat\/es\/wp-json\/wp\/v2\/users\/9"}],"replies":[{"embeddable":true,"href":"https:\/\/mava.cat\/es\/wp-json\/wp\/v2\/comments?post=13459"}],"version-history":[{"count":1,"href":"https:\/\/mava.cat\/es\/wp-json\/wp\/v2\/pages\/13459\/revisions"}],"predecessor-version":[{"id":13460,"href":"https:\/\/mava.cat\/es\/wp-json\/wp\/v2\/pages\/13459\/revisions\/13460"}],"wp:attachment":[{"href":"https:\/\/mava.cat\/es\/wp-json\/wp\/v2\/media?parent=13459"}],"curies":[{"name":"wp","href":"https:\/\/api.w.org\/{rel}","templated":true}]}}