{"id":13461,"date":"2021-12-15T20:43:09","date_gmt":"2021-12-15T18:43:09","guid":{"rendered":"https:\/\/mava.cat\/politica-de-cookies\/"},"modified":"2021-12-15T20:43:09","modified_gmt":"2021-12-15T18:43:09","slug":"politica-de-cookies","status":"publish","type":"page","link":"https:\/\/mava.cat\/es\/politica-de-cookies\/","title":{"rendered":"POL\u00cdTICA DE COOKIES"},"content":{"rendered":"\t\t<div data-elementor-type=\"wp-page\" data-elementor-id=\"13461\" class=\"elementor elementor-13461 elementor-4685\" data-elementor-post-type=\"page\">\n\t\t\t\t\t\t<section class=\"elementor-section elementor-top-section elementor-element elementor-element-618d4f8 elementor-section-boxed elementor-section-height-default elementor-section-height-default\" data-id=\"618d4f8\" data-element_type=\"section\" data-e-type=\"section\">\n\t\t\t\t\t\t<div class=\"elementor-container elementor-column-gap-no\">\n\t\t\t\t\t<div class=\"elementor-column elementor-col-100 elementor-top-column elementor-element elementor-element-3529227\" data-id=\"3529227\" data-element_type=\"column\" data-e-type=\"column\">\n\t\t\t<div class=\"elementor-widget-wrap elementor-element-populated\">\n\t\t\t\t\t\t<div class=\"elementor-element elementor-element-da9bb95 elementor-widget elementor-widget-heading\" data-id=\"da9bb95\" data-element_type=\"widget\" data-e-type=\"widget\" data-widget_type=\"heading.default\">\n\t\t\t\t<div class=\"elementor-widget-container\">\n\t\t\t\t\t<h1 class=\"elementor-heading-title elementor-size-default\">POL\u00cdTICA DE COOKIES<\/h1>\t\t\t\t<\/div>\n\t\t\t\t<\/div>\n\t\t\t\t<div class=\"elementor-element elementor-element-def7b50 elementor-widget elementor-widget-heading\" data-id=\"def7b50\" data-element_type=\"widget\" data-e-type=\"widget\" data-widget_type=\"heading.default\">\n\t\t\t\t<div class=\"elementor-widget-container\">\n\t\t\t\t\t<p class=\"elementor-heading-title elementor-size-default\">El sitio Web utiliza un analizador de tr\u00e1fico que emplea peque\u00f1os archivos de informaci\u00f3n denominados y conocidos como \u201ccookies\u201d que el servidor env\u00eda al ordenador de quien accede a la p\u00e1gina web para el correcto funcionamiento y visualizaci\u00f3n de los sitios web por parte del usuario, as\u00ed como la recogida de datos estad\u00edsticos sobre el uso y navegaci\u00f3n por nuestro sitio web. Podemos recabar informaci\u00f3n sobre su ordenador, incluido en su caso, su direcci\u00f3n de IP, sistema operativo y tipo de navegador. Las cookies contienen informaci\u00f3n que se transfiere al disco duro de su ordenador. Las cookies tambi\u00e9n nos ayudan a mejorar nuestro sitio Web y a prestar un servicio mejor y m\u00e1spersonalizado. En concreto, nos permiten:<ul><li>Hacer una estimaci\u00f3n sobre n\u00fameros y patrones de uso.<\/li><li>Almacenar informaci\u00f3n acerca de sus preferencias y personalizar nuestro sitio web de conformidad con sus intereses individuales.<\/li><li>Acelerar sus b\u00fasquedas. <\/li><li>Reconocerle cuando regrese de nuevo a nuestro sitio. <\/li><\/ul><\/p>\t\t\t\t<\/div>\n\t\t\t\t<\/div>\n\t\t\t\t<div class=\"elementor-element elementor-element-87cf881 elementor-widget elementor-widget-heading\" data-id=\"87cf881\" data-element_type=\"widget\" data-e-type=\"widget\" data-widget_type=\"heading.default\">\n\t\t\t\t<div class=\"elementor-widget-container\">\n\t\t\t\t\t<h1 class=\"elementor-heading-title elementor-size-default\">ACEPTACI\u00d3N Y\/O RECHAZO DE LA POL\u00cdTICA DE COOKIES<\/h1>\t\t\t\t<\/div>\n\t\t\t\t<\/div>\n\t\t\t\t<div class=\"elementor-element elementor-element-16e8fc2 elementor-widget elementor-widget-heading\" data-id=\"16e8fc2\" data-element_type=\"widget\" data-e-type=\"widget\" data-widget_type=\"heading.default\">\n\t\t\t\t<div class=\"elementor-widget-container\">\n\t\t\t\t\t<p class=\"elementor-heading-title elementor-size-default\">Este sitio web muestra informaci\u00f3n sobre su Pol\u00edtica de Cookies en la parte inferior o superior del portal en cada inicio de sesi\u00f3n con el objeto de que usted sea consciente e informado de ello. Puede usted aceptar la instalaci\u00f3n de las cookies en su navegador web mediante una acci\u00f3n afirmativa y positiva. Tambi\u00e9n puede usted rechazar el uso de cookies mediante la selecci\u00f3n de negarse a la instalaci\u00f3n y su uso en su navegador. Sin embargo, debe saber que si lo hace puede ser que no pueda usar la plena funcionalidad de este sitio Web. Este sitio web realiza tratamiento de informaci\u00f3n acerca de usted por Google. A estos efectos, se informa que Google Inc. tiene la consideraci\u00f3n de \u201cpuerto seguro\u201d en cuanto a la normativa de protecci\u00f3n de datos personales. El Usuario debe dar su previo consentimiento, salvo indicaci\u00f3n en contrario, al uso de \u201ccookies\u201d y autoriza tambi\u00e9n los seguimientos de su IP durante la navegaci\u00f3n en el sitio Web. A menos que haya ajustado la configuraci\u00f3n de su navegador web de forma que rechace cookies, nuestro sistema producir\u00e1 cookies cuando se conecte a nuestro sitio. Siguiendo las directrices europeas de la normativa de protecci\u00f3n de datos que puedan verse afectados por el uso de cookies, los distintos navegadores de Internet cuentan con herramientas de configuraci\u00f3n para que el Usuario, si lo desea, pueda desactivar y\/o eliminar estas cookies o bien activar en su navegador el modo de navegaci\u00f3n privada. Puede usted permitir, bloquear o eliminar las cookies instaladas en su equipo mediante la configuraci\u00f3n de las opciones del navegador instalado en su ordenador: Chrome: https:\/\/support.google.com\/chrome\/answer\/95647?hl=es  Explorer: http:\/\/windows.microsoft.com\/es-es\/windows7\/how-to-manage-cookies-ininternetexplorer-9 Firefox: https:\/\/support.mozilla.org\/es\/kb\/habilitar-y-deshabilitar-cookies-que-los-sitios-web Safari: https:\/\/support.apple.com\/kb\/ph5042?locale=es_ES<\/p>\t\t\t\t<\/div>\n\t\t\t\t<\/div>\n\t\t\t\t<div class=\"elementor-element elementor-element-6df9b3d elementor-widget elementor-widget-heading\" data-id=\"6df9b3d\" data-element_type=\"widget\" data-e-type=\"widget\" data-widget_type=\"heading.default\">\n\t\t\t\t<div class=\"elementor-widget-container\">\n\t\t\t\t\t<h1 class=\"elementor-heading-title elementor-size-default\">\u00bfQU\u00c9 COOKIES UTILIZAMOS Y PARA QU\u00c9?<\/h1>\t\t\t\t<\/div>\n\t\t\t\t<\/div>\n\t\t\t\t<div class=\"elementor-element elementor-element-81a724b elementor-widget elementor-widget-heading\" data-id=\"81a724b\" data-element_type=\"widget\" data-e-type=\"widget\" data-widget_type=\"heading.default\">\n\t\t\t\t<div class=\"elementor-widget-container\">\n\t\t\t\t\t<p class=\"elementor-heading-title elementor-size-default\">A continuaci\u00f3n, se presenta una explicaci\u00f3n m\u00e1s detallada de cada tipo de cookie, temporalidad, titularidad, finalidad y dominios: Google Analytics es un servicio anal\u00edtico de web prestado por Google, Inc., una compa\u00f1\u00eda de Delaware cuya oficina principal est\u00e1 en 1600 Amphitheatre Parkway, Mountain View (California), CA94043, Estados Unidos (\u201cGoogle\u201d): Google Analytics usa las siguientes cookies: _ga, _gat, _gid, y otras posibles cookies a cargar por el servicio de monitorizaci\u00f3n de visitas de Google. Sirven para:<ul><li>Hacer una estimaci\u00f3n sobre n\u00fameros y patrones de uso. <\/li><li>Almacenar informaci\u00f3n acerca de sus preferencias y personalizar nuestro sitio web de conformidad con sus intereses individuales. <\/li><li>Acelerar sus b\u00fasquedas. <\/li><li>Reconocerle cuando regrese de nuevo a nuestro sitio.<\/li><li>Generar un identificador de usuario \u00fanico, que es el que se utiliza para hacer recuento de cu\u00e1ntas veces visita el sitio un usuario, as\u00ed como la fecha de la primera y la \u00faltima vez que visit\u00f3 la web.<\/li><li>Registrar la fecha y hora de acceso a cualquiera de las p\u00e1ginas del Sitio.<\/li><li>Comprobar la necesidad de mantener la sesi\u00f3n de un usuario abierta o crear una nueva<\/li><li>Identificar la sesi\u00f3n del usuario, para recoger la ubicaci\u00f3n geogr\u00e1fica aproximada del ordenadorque accede al Sitio con efectos estad\u00edsticos. <\/li><\/ul>Pueden ser tanto temporales como persistentes.<\/p>\t\t\t\t<\/div>\n\t\t\t\t<\/div>\n\t\t\t\t\t<\/div>\n\t\t<\/div>\n\t\t\t\t\t<\/div>\n\t\t<\/section>\n\t\t\t\t<\/div>\n\t\t","protected":false},"excerpt":{"rendered":"<p>POL\u00cdTICA DE COOKIES El sitio Web utiliza un analizador de tr\u00e1fico que emplea peque\u00f1os archivos de informaci\u00f3n denominados y conocidos como \u201ccookies\u201d que el servidor env\u00eda al ordenador de quien&hellip;<\/p>\n","protected":false},"author":9,"featured_media":0,"parent":0,"menu_order":0,"comment_status":"closed","ping_status":"closed","template":"elementor_header_footer","meta":{"inline_featured_image":false,"_joinchat":[],"footnotes":""},"class_list":["post-13461","page","type-page","status-publish","hentry"],"yoast_head":"<!-- This site is optimized with the Yoast SEO plugin v27.4 - https:\/\/yoast.com\/product\/yoast-seo-wordpress\/ -->\n<title>POL\u00cdTICA DE COOKIES - Mava<\/title>\n<meta name=\"robots\" content=\"noindex, nofollow\" \/>\n<meta property=\"og:locale\" content=\"es_ES\" \/>\n<meta property=\"og:type\" content=\"article\" \/>\n<meta property=\"og:title\" content=\"POL\u00cdTICA DE COOKIES - Mava\" \/>\n<meta property=\"og:description\" content=\"POL\u00cdTICA DE COOKIES El sitio Web utiliza un analizador de tr\u00e1fico que emplea peque\u00f1os archivos de informaci\u00f3n denominados y conocidos como \u201ccookies\u201d que el servidor env\u00eda al ordenador de quien&hellip;\" \/>\n<meta property=\"og:url\" content=\"https:\/\/mava.cat\/politica-de-cookies\/\" \/>\n<meta property=\"og:site_name\" content=\"Mava\" \/>\n<meta name=\"twitter:card\" content=\"summary_large_image\" \/>\n<meta name=\"twitter:label1\" content=\"Tiempo de lectura\" \/>\n\t<meta name=\"twitter:data1\" content=\"4 minutos\" \/>\n<script type=\"application\/ld+json\" class=\"yoast-schema-graph\">{\"@context\":\"https:\\\/\\\/schema.org\",\"@graph\":[{\"@type\":\"WebPage\",\"@id\":\"https:\\\/\\\/mava.cat\\\/politica-de-cookies\\\/\",\"url\":\"https:\\\/\\\/mava.cat\\\/politica-de-cookies\\\/\",\"name\":\"POL\u00cdTICA DE COOKIES - Mava\",\"isPartOf\":{\"@id\":\"https:\\\/\\\/mava.cat\\\/#website\"},\"datePublished\":\"2021-12-15T18:43:09+00:00\",\"breadcrumb\":{\"@id\":\"https:\\\/\\\/mava.cat\\\/politica-de-cookies\\\/#breadcrumb\"},\"inLanguage\":\"es\",\"potentialAction\":[{\"@type\":\"ReadAction\",\"target\":[\"https:\\\/\\\/mava.cat\\\/politica-de-cookies\\\/\"]}]},{\"@type\":\"BreadcrumbList\",\"@id\":\"https:\\\/\\\/mava.cat\\\/politica-de-cookies\\\/#breadcrumb\",\"itemListElement\":[{\"@type\":\"ListItem\",\"position\":1,\"name\":\"Inici\",\"item\":\"https:\\\/\\\/mava.cat\\\/\"},{\"@type\":\"ListItem\",\"position\":2,\"name\":\"POL\u00cdTICA DE COOKIES\"}]},{\"@type\":\"WebSite\",\"@id\":\"https:\\\/\\\/mava.cat\\\/#website\",\"url\":\"https:\\\/\\\/mava.cat\\\/\",\"name\":\"Mava\",\"description\":\"Joieria d&#039;autor\",\"potentialAction\":[{\"@type\":\"SearchAction\",\"target\":{\"@type\":\"EntryPoint\",\"urlTemplate\":\"https:\\\/\\\/mava.cat\\\/?s={search_term_string}\"},\"query-input\":{\"@type\":\"PropertyValueSpecification\",\"valueRequired\":true,\"valueName\":\"search_term_string\"}}],\"inLanguage\":\"es\"}]}<\/script>\n<!-- \/ Yoast SEO plugin. -->","yoast_head_json":{"title":"POL\u00cdTICA DE COOKIES - Mava","robots":{"index":"noindex","follow":"nofollow"},"og_locale":"es_ES","og_type":"article","og_title":"POL\u00cdTICA DE COOKIES - Mava","og_description":"POL\u00cdTICA DE COOKIES El sitio Web utiliza un analizador de tr\u00e1fico que emplea peque\u00f1os archivos de informaci\u00f3n denominados y conocidos como \u201ccookies\u201d que el servidor env\u00eda al ordenador de quien&hellip;","og_url":"https:\/\/mava.cat\/politica-de-cookies\/","og_site_name":"Mava","twitter_card":"summary_large_image","twitter_misc":{"Tiempo de lectura":"4 minutos"},"schema":{"@context":"https:\/\/schema.org","@graph":[{"@type":"WebPage","@id":"https:\/\/mava.cat\/politica-de-cookies\/","url":"https:\/\/mava.cat\/politica-de-cookies\/","name":"POL\u00cdTICA DE COOKIES - Mava","isPartOf":{"@id":"https:\/\/mava.cat\/#website"},"datePublished":"2021-12-15T18:43:09+00:00","breadcrumb":{"@id":"https:\/\/mava.cat\/politica-de-cookies\/#breadcrumb"},"inLanguage":"es","potentialAction":[{"@type":"ReadAction","target":["https:\/\/mava.cat\/politica-de-cookies\/"]}]},{"@type":"BreadcrumbList","@id":"https:\/\/mava.cat\/politica-de-cookies\/#breadcrumb","itemListElement":[{"@type":"ListItem","position":1,"name":"Inici","item":"https:\/\/mava.cat\/"},{"@type":"ListItem","position":2,"name":"POL\u00cdTICA DE COOKIES"}]},{"@type":"WebSite","@id":"https:\/\/mava.cat\/#website","url":"https:\/\/mava.cat\/","name":"Mava","description":"Joieria d&#039;autor","potentialAction":[{"@type":"SearchAction","target":{"@type":"EntryPoint","urlTemplate":"https:\/\/mava.cat\/?s={search_term_string}"},"query-input":{"@type":"PropertyValueSpecification","valueRequired":true,"valueName":"search_term_string"}}],"inLanguage":"es"}]}},"_links":{"self":[{"href":"https:\/\/mava.cat\/es\/wp-json\/wp\/v2\/pages\/13461","targetHints":{"allow":["GET"]}}],"collection":[{"href":"https:\/\/mava.cat\/es\/wp-json\/wp\/v2\/pages"}],"about":[{"href":"https:\/\/mava.cat\/es\/wp-json\/wp\/v2\/types\/page"}],"author":[{"embeddable":true,"href":"https:\/\/mava.cat\/es\/wp-json\/wp\/v2\/users\/9"}],"replies":[{"embeddable":true,"href":"https:\/\/mava.cat\/es\/wp-json\/wp\/v2\/comments?post=13461"}],"version-history":[{"count":1,"href":"https:\/\/mava.cat\/es\/wp-json\/wp\/v2\/pages\/13461\/revisions"}],"predecessor-version":[{"id":13462,"href":"https:\/\/mava.cat\/es\/wp-json\/wp\/v2\/pages\/13461\/revisions\/13462"}],"wp:attachment":[{"href":"https:\/\/mava.cat\/es\/wp-json\/wp\/v2\/media?parent=13461"}],"curies":[{"name":"wp","href":"https:\/\/api.w.org\/{rel}","templated":true}]}}