{"id":13467,"date":"2021-11-22T19:59:11","date_gmt":"2021-11-22T17:59:11","guid":{"rendered":"https:\/\/mava.cat\/producte\/grotta-colgante\/"},"modified":"2021-12-17T07:36:05","modified_gmt":"2021-12-17T05:36:05","slug":"grotta-colgante","status":"publish","type":"product","link":"https:\/\/mava.cat\/es\/producte\/grotta-colgante\/","title":{"rendered":"GROTTA COLGANTE"},"content":{"rendered":"<p>Esta colecci\u00f3n est\u00e1 inspirada en la cueva, la madriguera, el nido, el espacio donde refugiarse, donde guardar lo que valoramos. Es \u00edntima y delicada, para aquellas personas que quieren la diferencia dentro de lo sutil.<\/p>\n<p>All\u00ed donde uno encuentra refugio, para ser \u00e9l, para escucharte profundamente, tengo la suerte de vivir en la naturaleza, en una peque\u00f1a casa en medio del bosque, que me lleva mucha paz, para poder volver a la ra\u00edz despu\u00e9s de un d\u00eda de azarosa rutina. Es desde esos momentos de donde salen muchas de mis creaciones y Grotta es una de ellas.<\/p>\n","protected":false},"excerpt":{"rendered":"<p style=\"margin: 0cm; margin-bottom: .0001pt;\"><span style=\"font-size: 11.0pt; color: black;\">Colgante de plata de ley 925, con cadena rolo de 40 + 5 cm, 42 + 5 cm, 45 + 5cm. Medida de la pieza central de 35mm.<\/span><\/p>\n<p>&nbsp;<\/p>\n<p>&nbsp;<\/p>\n","protected":false},"featured_media":4629,"template":"","meta":{"inline_featured_image":false,"_joinchat":[]},"product_brand":[],"product_cat":[168,166],"product_tag":[],"class_list":{"0":"post-13467","1":"product","2":"type-product","3":"status-publish","4":"has-post-thumbnail","6":"product_cat-colgantes","7":"product_cat-grotta-es","9":"first","10":"instock","11":"shipping-taxable","12":"purchasable","13":"product-type-variable"},"yoast_head":"<!-- This site is optimized with the Yoast SEO plugin v27.4 - https:\/\/yoast.com\/product\/yoast-seo-wordpress\/ -->\n<title>Colgante de plata de autor Grotta - Mava<\/title>\n<meta name=\"description\" content=\"Compra colgante de plata de autor Grotta. Inspirada en la cueva es una Joya \u00edntima y delicada. Joya original de la Joyer\u00eda de autora de Vic.\" \/>\n<meta name=\"robots\" content=\"index, follow, max-snippet:-1, max-image-preview:large, max-video-preview:-1\" \/>\n<link rel=\"canonical\" href=\"https:\/\/mava.cat\/producte\/grotta-penjoll\/\" \/>\n<meta property=\"og:locale\" content=\"es_ES\" \/>\n<meta property=\"og:type\" content=\"article\" \/>\n<meta property=\"og:title\" content=\"Colgante de plata de autor Grotta - Mava\" \/>\n<meta property=\"og:description\" content=\"Compra colgante de plata de autor Grotta. Inspirada en la cueva es una Joya \u00edntima y delicada. Joya original de la Joyer\u00eda de autora de Vic.\" \/>\n<meta property=\"og:url\" content=\"https:\/\/mava.cat\/producte\/grotta-penjoll\/\" \/>\n<meta property=\"og:site_name\" content=\"Mava\" \/>\n<meta property=\"article:modified_time\" content=\"2021-12-17T05:36:05+00:00\" \/>\n<meta property=\"og:image\" content=\"https:\/\/mava.cat\/wp-content\/uploads\/2021\/11\/Mava_213.jpg\" \/>\n\t<meta property=\"og:image:width\" content=\"430\" \/>\n\t<meta property=\"og:image:height\" content=\"642\" \/>\n\t<meta property=\"og:image:type\" content=\"image\/jpeg\" \/>\n<meta name=\"twitter:card\" content=\"summary_large_image\" \/>\n<meta name=\"twitter:label1\" content=\"Tiempo de lectura\" \/>\n\t<meta name=\"twitter:data1\" content=\"1 minuto\" \/>\n<script type=\"application\/ld+json\" class=\"yoast-schema-graph\">{\"@context\":\"https:\\\/\\\/schema.org\",\"@graph\":[{\"@type\":\"WebPage\",\"@id\":\"https:\\\/\\\/mava.cat\\\/producte\\\/grotta-penjoll\\\/\",\"url\":\"https:\\\/\\\/mava.cat\\\/producte\\\/grotta-penjoll\\\/\",\"name\":\"Colgante de plata de autor Grotta - Mava\",\"isPartOf\":{\"@id\":\"https:\\\/\\\/mava.cat\\\/#website\"},\"primaryImageOfPage\":{\"@id\":\"https:\\\/\\\/mava.cat\\\/producte\\\/grotta-penjoll\\\/#primaryimage\"},\"image\":{\"@id\":\"https:\\\/\\\/mava.cat\\\/producte\\\/grotta-penjoll\\\/#primaryimage\"},\"thumbnailUrl\":\"https:\\\/\\\/mava.cat\\\/wp-content\\\/uploads\\\/2021\\\/11\\\/Mava_213.jpg\",\"datePublished\":\"2021-11-22T17:59:11+00:00\",\"dateModified\":\"2021-12-17T05:36:05+00:00\",\"description\":\"Compra colgante de plata de autor Grotta. Inspirada en la cueva es una Joya \u00edntima y delicada. Joya original de la Joyer\u00eda de autora de Vic.\",\"breadcrumb\":{\"@id\":\"https:\\\/\\\/mava.cat\\\/producte\\\/grotta-penjoll\\\/#breadcrumb\"},\"inLanguage\":\"es\",\"potentialAction\":[{\"@type\":\"ReadAction\",\"target\":[\"https:\\\/\\\/mava.cat\\\/producte\\\/grotta-penjoll\\\/\"]}]},{\"@type\":\"ImageObject\",\"inLanguage\":\"es\",\"@id\":\"https:\\\/\\\/mava.cat\\\/producte\\\/grotta-penjoll\\\/#primaryimage\",\"url\":\"https:\\\/\\\/mava.cat\\\/wp-content\\\/uploads\\\/2021\\\/11\\\/Mava_213.jpg\",\"contentUrl\":\"https:\\\/\\\/mava.cat\\\/wp-content\\\/uploads\\\/2021\\\/11\\\/Mava_213.jpg\",\"width\":430,\"height\":642,\"caption\":\"Processed with VSCO with e5 preset\"},{\"@type\":\"BreadcrumbList\",\"@id\":\"https:\\\/\\\/mava.cat\\\/producte\\\/grotta-penjoll\\\/#breadcrumb\",\"itemListElement\":[{\"@type\":\"ListItem\",\"position\":1,\"name\":\"Inici\",\"item\":\"https:\\\/\\\/mava.cat\\\/\"},{\"@type\":\"ListItem\",\"position\":2,\"name\":\"JOYAS\",\"item\":\"https:\\\/\\\/mava.cat\\\/joyas\\\/?lang=es\"},{\"@type\":\"ListItem\",\"position\":3,\"name\":\"GROTTA COLGANTE\"}]},{\"@type\":\"WebSite\",\"@id\":\"https:\\\/\\\/mava.cat\\\/#website\",\"url\":\"https:\\\/\\\/mava.cat\\\/\",\"name\":\"Mava\",\"description\":\"Joieria d&#039;autor\",\"potentialAction\":[{\"@type\":\"SearchAction\",\"target\":{\"@type\":\"EntryPoint\",\"urlTemplate\":\"https:\\\/\\\/mava.cat\\\/?s={search_term_string}\"},\"query-input\":{\"@type\":\"PropertyValueSpecification\",\"valueRequired\":true,\"valueName\":\"search_term_string\"}}],\"inLanguage\":\"es\"}]}<\/script>\n<!-- \/ Yoast SEO plugin. -->","yoast_head_json":{"title":"Colgante de plata de autor Grotta - Mava","description":"Compra colgante de plata de autor Grotta. Inspirada en la cueva es una Joya \u00edntima y delicada. Joya original de la Joyer\u00eda de autora de Vic.","robots":{"index":"index","follow":"follow","max-snippet":"max-snippet:-1","max-image-preview":"max-image-preview:large","max-video-preview":"max-video-preview:-1"},"canonical":"https:\/\/mava.cat\/producte\/grotta-penjoll\/","og_locale":"es_ES","og_type":"article","og_title":"Colgante de plata de autor Grotta - Mava","og_description":"Compra colgante de plata de autor Grotta. Inspirada en la cueva es una Joya \u00edntima y delicada. Joya original de la Joyer\u00eda de autora de Vic.","og_url":"https:\/\/mava.cat\/producte\/grotta-penjoll\/","og_site_name":"Mava","article_modified_time":"2021-12-17T05:36:05+00:00","og_image":[{"width":430,"height":642,"url":"https:\/\/mava.cat\/wp-content\/uploads\/2021\/11\/Mava_213.jpg","type":"image\/jpeg"}],"twitter_card":"summary_large_image","twitter_misc":{"Tiempo de lectura":"1 minuto"},"schema":{"@context":"https:\/\/schema.org","@graph":[{"@type":"WebPage","@id":"https:\/\/mava.cat\/producte\/grotta-penjoll\/","url":"https:\/\/mava.cat\/producte\/grotta-penjoll\/","name":"Colgante de plata de autor Grotta - Mava","isPartOf":{"@id":"https:\/\/mava.cat\/#website"},"primaryImageOfPage":{"@id":"https:\/\/mava.cat\/producte\/grotta-penjoll\/#primaryimage"},"image":{"@id":"https:\/\/mava.cat\/producte\/grotta-penjoll\/#primaryimage"},"thumbnailUrl":"https:\/\/mava.cat\/wp-content\/uploads\/2021\/11\/Mava_213.jpg","datePublished":"2021-11-22T17:59:11+00:00","dateModified":"2021-12-17T05:36:05+00:00","description":"Compra colgante de plata de autor Grotta. Inspirada en la cueva es una Joya \u00edntima y delicada. Joya original de la Joyer\u00eda de autora de Vic.","breadcrumb":{"@id":"https:\/\/mava.cat\/producte\/grotta-penjoll\/#breadcrumb"},"inLanguage":"es","potentialAction":[{"@type":"ReadAction","target":["https:\/\/mava.cat\/producte\/grotta-penjoll\/"]}]},{"@type":"ImageObject","inLanguage":"es","@id":"https:\/\/mava.cat\/producte\/grotta-penjoll\/#primaryimage","url":"https:\/\/mava.cat\/wp-content\/uploads\/2021\/11\/Mava_213.jpg","contentUrl":"https:\/\/mava.cat\/wp-content\/uploads\/2021\/11\/Mava_213.jpg","width":430,"height":642,"caption":"Processed with VSCO with e5 preset"},{"@type":"BreadcrumbList","@id":"https:\/\/mava.cat\/producte\/grotta-penjoll\/#breadcrumb","itemListElement":[{"@type":"ListItem","position":1,"name":"Inici","item":"https:\/\/mava.cat\/"},{"@type":"ListItem","position":2,"name":"JOYAS","item":"https:\/\/mava.cat\/joyas\/?lang=es"},{"@type":"ListItem","position":3,"name":"GROTTA COLGANTE"}]},{"@type":"WebSite","@id":"https:\/\/mava.cat\/#website","url":"https:\/\/mava.cat\/","name":"Mava","description":"Joieria d&#039;autor","potentialAction":[{"@type":"SearchAction","target":{"@type":"EntryPoint","urlTemplate":"https:\/\/mava.cat\/?s={search_term_string}"},"query-input":{"@type":"PropertyValueSpecification","valueRequired":true,"valueName":"search_term_string"}}],"inLanguage":"es"}]}},"_links":{"self":[{"href":"https:\/\/mava.cat\/es\/wp-json\/wp\/v2\/product\/13467","targetHints":{"allow":["GET"]}}],"collection":[{"href":"https:\/\/mava.cat\/es\/wp-json\/wp\/v2\/product"}],"about":[{"href":"https:\/\/mava.cat\/es\/wp-json\/wp\/v2\/types\/product"}],"wp:featuredmedia":[{"embeddable":true,"href":"https:\/\/mava.cat\/es\/wp-json\/wp\/v2\/media\/4629"}],"wp:attachment":[{"href":"https:\/\/mava.cat\/es\/wp-json\/wp\/v2\/media?parent=13467"}],"wp:term":[{"taxonomy":"product_brand","embeddable":true,"href":"https:\/\/mava.cat\/es\/wp-json\/wp\/v2\/product_brand?post=13467"},{"taxonomy":"product_cat","embeddable":true,"href":"https:\/\/mava.cat\/es\/wp-json\/wp\/v2\/product_cat?post=13467"},{"taxonomy":"product_tag","embeddable":true,"href":"https:\/\/mava.cat\/es\/wp-json\/wp\/v2\/product_tag?post=13467"}],"curies":[{"name":"wp","href":"https:\/\/api.w.org\/{rel}","templated":true}]}}