{"id":13481,"date":"2021-11-22T19:43:49","date_gmt":"2021-11-22T17:43:49","guid":{"rendered":"https:\/\/mava.cat\/producte\/cerchio-pendientes\/"},"modified":"2021-12-17T08:02:01","modified_gmt":"2021-12-17T06:02:01","slug":"cerchio-pendientes","status":"publish","type":"product","link":"https:\/\/mava.cat\/es\/producte\/cerchio-pendientes\/","title":{"rendered":"CERCHIO PENDIENTES"},"content":{"rendered":"<p>Colecci\u00f3n inspirada en la geometr\u00eda plana. Cerchio es una colecci\u00f3n creada a partir de la circunferencia y su repetici\u00f3n. Tienen un estilo moderno y actual.<\/p>\n<p>Tienen un grabado con l\u00e1ser que da relieve a las piezas, creando un dibujo sim\u00e9trico.<\/p>\n","protected":false},"excerpt":{"rendered":"<p>Pendientes de plata de ley 925, con cierre mariposa. Medida de 4cm de di\u00e1metro (peso de la pareja 8,6gr) o 3 cm de di\u00e1metro (peso de la pareja 5,1gr).<\/p>\n","protected":false},"featured_media":4623,"template":"","meta":{"inline_featured_image":false,"_joinchat":[]},"product_brand":[],"product_cat":[164,162],"product_tag":[],"class_list":{"0":"post-13481","1":"product","2":"type-product","3":"status-publish","4":"has-post-thumbnail","6":"product_cat-cerchio-es","7":"product_cat-pendientes","9":"first","10":"outofstock","11":"shipping-taxable","12":"purchasable","13":"product-type-variable"},"yoast_head":"<!-- This site is optimized with the Yoast SEO plugin v27.4 - https:\/\/yoast.com\/product\/yoast-seo-wordpress\/ -->\n<title>Pendientes de plata originales Cerchio - Mava<\/title>\n<meta name=\"description\" content=\"Compra pendientes de plata originales Cerchio inspiradas en la geometr\u00eda plana, de dise\u00f1o exclusivo de la joier\u00eda de autora de Vic.\" \/>\n<meta name=\"robots\" content=\"index, follow, max-snippet:-1, max-image-preview:large, max-video-preview:-1\" \/>\n<link rel=\"canonical\" href=\"https:\/\/mava.cat\/producte\/cerchio-pendientes\/?lang=es\" \/>\n<meta property=\"og:locale\" content=\"es_ES\" \/>\n<meta property=\"og:type\" content=\"article\" \/>\n<meta property=\"og:title\" content=\"Pendientes de plata originales Cerchio - Mava\" \/>\n<meta property=\"og:description\" content=\"Compra pendientes de plata originales Cerchio inspiradas en la geometr\u00eda plana, de dise\u00f1o exclusivo de la joier\u00eda de autora de Vic.\" \/>\n<meta property=\"og:url\" content=\"https:\/\/mava.cat\/producte\/cerchio-pendientes\/?lang=es\" \/>\n<meta property=\"og:site_name\" content=\"Mava\" \/>\n<meta property=\"article:modified_time\" content=\"2021-12-17T06:02:01+00:00\" \/>\n<meta property=\"og:image\" content=\"https:\/\/mava.cat\/wp-content\/uploads\/2021\/11\/Mava_178.jpg\" \/>\n\t<meta property=\"og:image:width\" content=\"430\" \/>\n\t<meta property=\"og:image:height\" content=\"642\" \/>\n\t<meta property=\"og:image:type\" content=\"image\/jpeg\" \/>\n<meta name=\"twitter:card\" content=\"summary_large_image\" \/>\n<script type=\"application\/ld+json\" class=\"yoast-schema-graph\">{\"@context\":\"https:\\\/\\\/schema.org\",\"@graph\":[{\"@type\":\"WebPage\",\"@id\":\"https:\\\/\\\/mava.cat\\\/producte\\\/cerchio-pendientes\\\/?lang=es\",\"url\":\"https:\\\/\\\/mava.cat\\\/producte\\\/cerchio-pendientes\\\/?lang=es\",\"name\":\"Pendientes de plata originales Cerchio - Mava\",\"isPartOf\":{\"@id\":\"https:\\\/\\\/mava.cat\\\/#website\"},\"primaryImageOfPage\":{\"@id\":\"https:\\\/\\\/mava.cat\\\/producte\\\/cerchio-pendientes\\\/?lang=es#primaryimage\"},\"image\":{\"@id\":\"https:\\\/\\\/mava.cat\\\/producte\\\/cerchio-pendientes\\\/?lang=es#primaryimage\"},\"thumbnailUrl\":\"https:\\\/\\\/mava.cat\\\/wp-content\\\/uploads\\\/2021\\\/11\\\/Mava_178.jpg\",\"datePublished\":\"2021-11-22T17:43:49+00:00\",\"dateModified\":\"2021-12-17T06:02:01+00:00\",\"description\":\"Compra pendientes de plata originales Cerchio inspiradas en la geometr\u00eda plana, de dise\u00f1o exclusivo de la joier\u00eda de autora de Vic.\",\"breadcrumb\":{\"@id\":\"https:\\\/\\\/mava.cat\\\/producte\\\/cerchio-pendientes\\\/?lang=es#breadcrumb\"},\"inLanguage\":\"es\",\"potentialAction\":[{\"@type\":\"ReadAction\",\"target\":[\"https:\\\/\\\/mava.cat\\\/producte\\\/cerchio-pendientes\\\/?lang=es\"]}]},{\"@type\":\"ImageObject\",\"inLanguage\":\"es\",\"@id\":\"https:\\\/\\\/mava.cat\\\/producte\\\/cerchio-pendientes\\\/?lang=es#primaryimage\",\"url\":\"https:\\\/\\\/mava.cat\\\/wp-content\\\/uploads\\\/2021\\\/11\\\/Mava_178.jpg\",\"contentUrl\":\"https:\\\/\\\/mava.cat\\\/wp-content\\\/uploads\\\/2021\\\/11\\\/Mava_178.jpg\",\"width\":430,\"height\":642,\"caption\":\"Processed with VSCO with e5 preset\"},{\"@type\":\"BreadcrumbList\",\"@id\":\"https:\\\/\\\/mava.cat\\\/producte\\\/cerchio-pendientes\\\/?lang=es#breadcrumb\",\"itemListElement\":[{\"@type\":\"ListItem\",\"position\":1,\"name\":\"Inici\",\"item\":\"https:\\\/\\\/mava.cat\\\/\"},{\"@type\":\"ListItem\",\"position\":2,\"name\":\"JOYAS\",\"item\":\"https:\\\/\\\/mava.cat\\\/joyas\\\/?lang=es\"},{\"@type\":\"ListItem\",\"position\":3,\"name\":\"CERCHIO PENDIENTES\"}]},{\"@type\":\"WebSite\",\"@id\":\"https:\\\/\\\/mava.cat\\\/#website\",\"url\":\"https:\\\/\\\/mava.cat\\\/\",\"name\":\"Mava\",\"description\":\"Joieria d&#039;autor\",\"potentialAction\":[{\"@type\":\"SearchAction\",\"target\":{\"@type\":\"EntryPoint\",\"urlTemplate\":\"https:\\\/\\\/mava.cat\\\/?s={search_term_string}\"},\"query-input\":{\"@type\":\"PropertyValueSpecification\",\"valueRequired\":true,\"valueName\":\"search_term_string\"}}],\"inLanguage\":\"es\"}]}<\/script>\n<!-- \/ Yoast SEO plugin. -->","yoast_head_json":{"title":"Pendientes de plata originales Cerchio - Mava","description":"Compra pendientes de plata originales Cerchio inspiradas en la geometr\u00eda plana, de dise\u00f1o exclusivo de la joier\u00eda de autora de Vic.","robots":{"index":"index","follow":"follow","max-snippet":"max-snippet:-1","max-image-preview":"max-image-preview:large","max-video-preview":"max-video-preview:-1"},"canonical":"https:\/\/mava.cat\/producte\/cerchio-pendientes\/?lang=es","og_locale":"es_ES","og_type":"article","og_title":"Pendientes de plata originales Cerchio - Mava","og_description":"Compra pendientes de plata originales Cerchio inspiradas en la geometr\u00eda plana, de dise\u00f1o exclusivo de la joier\u00eda de autora de Vic.","og_url":"https:\/\/mava.cat\/producte\/cerchio-pendientes\/?lang=es","og_site_name":"Mava","article_modified_time":"2021-12-17T06:02:01+00:00","og_image":[{"width":430,"height":642,"url":"https:\/\/mava.cat\/wp-content\/uploads\/2021\/11\/Mava_178.jpg","type":"image\/jpeg"}],"twitter_card":"summary_large_image","schema":{"@context":"https:\/\/schema.org","@graph":[{"@type":"WebPage","@id":"https:\/\/mava.cat\/producte\/cerchio-pendientes\/?lang=es","url":"https:\/\/mava.cat\/producte\/cerchio-pendientes\/?lang=es","name":"Pendientes de plata originales Cerchio - Mava","isPartOf":{"@id":"https:\/\/mava.cat\/#website"},"primaryImageOfPage":{"@id":"https:\/\/mava.cat\/producte\/cerchio-pendientes\/?lang=es#primaryimage"},"image":{"@id":"https:\/\/mava.cat\/producte\/cerchio-pendientes\/?lang=es#primaryimage"},"thumbnailUrl":"https:\/\/mava.cat\/wp-content\/uploads\/2021\/11\/Mava_178.jpg","datePublished":"2021-11-22T17:43:49+00:00","dateModified":"2021-12-17T06:02:01+00:00","description":"Compra pendientes de plata originales Cerchio inspiradas en la geometr\u00eda plana, de dise\u00f1o exclusivo de la joier\u00eda de autora de Vic.","breadcrumb":{"@id":"https:\/\/mava.cat\/producte\/cerchio-pendientes\/?lang=es#breadcrumb"},"inLanguage":"es","potentialAction":[{"@type":"ReadAction","target":["https:\/\/mava.cat\/producte\/cerchio-pendientes\/?lang=es"]}]},{"@type":"ImageObject","inLanguage":"es","@id":"https:\/\/mava.cat\/producte\/cerchio-pendientes\/?lang=es#primaryimage","url":"https:\/\/mava.cat\/wp-content\/uploads\/2021\/11\/Mava_178.jpg","contentUrl":"https:\/\/mava.cat\/wp-content\/uploads\/2021\/11\/Mava_178.jpg","width":430,"height":642,"caption":"Processed with VSCO with e5 preset"},{"@type":"BreadcrumbList","@id":"https:\/\/mava.cat\/producte\/cerchio-pendientes\/?lang=es#breadcrumb","itemListElement":[{"@type":"ListItem","position":1,"name":"Inici","item":"https:\/\/mava.cat\/"},{"@type":"ListItem","position":2,"name":"JOYAS","item":"https:\/\/mava.cat\/joyas\/?lang=es"},{"@type":"ListItem","position":3,"name":"CERCHIO PENDIENTES"}]},{"@type":"WebSite","@id":"https:\/\/mava.cat\/#website","url":"https:\/\/mava.cat\/","name":"Mava","description":"Joieria d&#039;autor","potentialAction":[{"@type":"SearchAction","target":{"@type":"EntryPoint","urlTemplate":"https:\/\/mava.cat\/?s={search_term_string}"},"query-input":{"@type":"PropertyValueSpecification","valueRequired":true,"valueName":"search_term_string"}}],"inLanguage":"es"}]}},"_links":{"self":[{"href":"https:\/\/mava.cat\/es\/wp-json\/wp\/v2\/product\/13481","targetHints":{"allow":["GET"]}}],"collection":[{"href":"https:\/\/mava.cat\/es\/wp-json\/wp\/v2\/product"}],"about":[{"href":"https:\/\/mava.cat\/es\/wp-json\/wp\/v2\/types\/product"}],"wp:featuredmedia":[{"embeddable":true,"href":"https:\/\/mava.cat\/es\/wp-json\/wp\/v2\/media\/4623"}],"wp:attachment":[{"href":"https:\/\/mava.cat\/es\/wp-json\/wp\/v2\/media?parent=13481"}],"wp:term":[{"taxonomy":"product_brand","embeddable":true,"href":"https:\/\/mava.cat\/es\/wp-json\/wp\/v2\/product_brand?post=13481"},{"taxonomy":"product_cat","embeddable":true,"href":"https:\/\/mava.cat\/es\/wp-json\/wp\/v2\/product_cat?post=13481"},{"taxonomy":"product_tag","embeddable":true,"href":"https:\/\/mava.cat\/es\/wp-json\/wp\/v2\/product_tag?post=13481"}],"curies":[{"name":"wp","href":"https:\/\/api.w.org\/{rel}","templated":true}]}}