{"id":13828,"date":"2021-03-06T14:52:44","date_gmt":"2021-03-06T12:52:44","guid":{"rendered":"https:\/\/mava.cat\/producte\/coblanc-anillo-doblegrande\/"},"modified":"2021-12-18T17:48:51","modified_gmt":"2021-12-18T15:48:51","slug":"coblanc-anillo-doblegrande","status":"publish","type":"product","link":"https:\/\/mava.cat\/es\/producte\/coblanc-anillo-doblegrande\/","title":{"rendered":"COBLANC ANILLO DOBLEGRANDE"},"content":{"rendered":"<p>El mar es una gran inspiraci\u00f3n y todos los tesoros que encuentras en la playa son fascinantes. Esta colecci\u00f3n est\u00e1 inspirada en un coral blanco y de ah\u00ed su nombre.<br \/>\nLas piezas de esta colecci\u00f3n son muy singulares, org\u00e1nicas, r\u00fasticas, y con car\u00e1cter, para empoderarte y llevarlas luciendo seguridad.\n<\/p>\n<p>Est\u00e1 realizada con una t\u00e9cnica de <span class=\"hiddenspellerror\">Microfusi\u00f3n<\/span>.Primero se realiza un molde de una pieza original, para extraer unos modelos de cera, los que trabajamos y moldeamos para dar forma. Una vez tenemos las piezas originales en cera se realiz\u00f3 una fundici\u00f3n para pasar el modelo de cera a metal. Despu\u00e9s de la fundici\u00f3n ya tenemos las piezas en plata de ley para realizar los acabados en el taller.<\/p>\n","protected":false},"excerpt":{"rendered":"<p>Anillo doble grande de plata de ley 925, dos piezas superiores inspiradas en coral blanco m\u00e1s hilo redondo de 1,5mm de di\u00e1metro doble, creando anillo en la parte inferior. Acabado pulido.<\/p>\n","protected":false},"featured_media":4635,"template":"","meta":{"inline_featured_image":false,"_joinchat":[]},"product_brand":[],"product_cat":[161,165],"product_tag":[],"class_list":{"0":"post-13828","1":"product","2":"type-product","3":"status-publish","4":"has-post-thumbnail","6":"product_cat-anillos","7":"product_cat-coblanc-es","9":"first","10":"instock","11":"shipping-taxable","12":"purchasable","13":"product-type-variable"},"yoast_head":"<!-- This site is optimized with the Yoast SEO plugin v27.4 - https:\/\/yoast.com\/product\/yoast-seo-wordpress\/ -->\n<title>Anillo artesanal original Coblanc - Mava<\/title>\n<meta name=\"description\" content=\"Anillo artesanal original Coblanc de plata de ley inspirado en el coral blanco. De estil org\u00e1nico con car\u00e1cter para llevarlo luciendo seguridad..\" \/>\n<meta name=\"robots\" content=\"index, follow, max-snippet:-1, max-image-preview:large, max-video-preview:-1\" \/>\n<link rel=\"canonical\" href=\"https:\/\/mava.cat\/producte\/coblanc-anillo-doblegrande\/?lang=es\" \/>\n<meta property=\"og:locale\" content=\"es_ES\" \/>\n<meta property=\"og:type\" content=\"article\" \/>\n<meta property=\"og:title\" content=\"Anillo artesanal original Coblanc - Mava\" \/>\n<meta property=\"og:description\" content=\"Anillo artesanal original Coblanc de plata de ley inspirado en el coral blanco. De estil org\u00e1nico con car\u00e1cter para llevarlo luciendo seguridad..\" \/>\n<meta property=\"og:url\" content=\"https:\/\/mava.cat\/producte\/coblanc-anillo-doblegrande\/?lang=es\" \/>\n<meta property=\"og:site_name\" content=\"Mava\" \/>\n<meta property=\"article:modified_time\" content=\"2021-12-18T15:48:51+00:00\" \/>\n<meta property=\"og:image\" content=\"https:\/\/mava.cat\/wp-content\/uploads\/2021\/11\/Mava_234.jpg\" \/>\n\t<meta property=\"og:image:width\" content=\"430\" \/>\n\t<meta property=\"og:image:height\" content=\"642\" \/>\n\t<meta property=\"og:image:type\" content=\"image\/jpeg\" \/>\n<meta name=\"twitter:card\" content=\"summary_large_image\" \/>\n<meta name=\"twitter:label1\" content=\"Tiempo de lectura\" \/>\n\t<meta name=\"twitter:data1\" content=\"1 minuto\" \/>\n<script type=\"application\/ld+json\" class=\"yoast-schema-graph\">{\"@context\":\"https:\\\/\\\/schema.org\",\"@graph\":[{\"@type\":\"WebPage\",\"@id\":\"https:\\\/\\\/mava.cat\\\/producte\\\/coblanc-anillo-doblegrande\\\/?lang=es\",\"url\":\"https:\\\/\\\/mava.cat\\\/producte\\\/coblanc-anillo-doblegrande\\\/?lang=es\",\"name\":\"Anillo artesanal original Coblanc - Mava\",\"isPartOf\":{\"@id\":\"https:\\\/\\\/mava.cat\\\/#website\"},\"primaryImageOfPage\":{\"@id\":\"https:\\\/\\\/mava.cat\\\/producte\\\/coblanc-anillo-doblegrande\\\/?lang=es#primaryimage\"},\"image\":{\"@id\":\"https:\\\/\\\/mava.cat\\\/producte\\\/coblanc-anillo-doblegrande\\\/?lang=es#primaryimage\"},\"thumbnailUrl\":\"https:\\\/\\\/mava.cat\\\/wp-content\\\/uploads\\\/2021\\\/11\\\/Mava_234.jpg\",\"datePublished\":\"2021-03-06T12:52:44+00:00\",\"dateModified\":\"2021-12-18T15:48:51+00:00\",\"description\":\"Anillo artesanal original Coblanc de plata de ley inspirado en el coral blanco. De estil org\u00e1nico con car\u00e1cter para llevarlo luciendo seguridad..\",\"breadcrumb\":{\"@id\":\"https:\\\/\\\/mava.cat\\\/producte\\\/coblanc-anillo-doblegrande\\\/?lang=es#breadcrumb\"},\"inLanguage\":\"es\",\"potentialAction\":[{\"@type\":\"ReadAction\",\"target\":[\"https:\\\/\\\/mava.cat\\\/producte\\\/coblanc-anillo-doblegrande\\\/?lang=es\"]}]},{\"@type\":\"ImageObject\",\"inLanguage\":\"es\",\"@id\":\"https:\\\/\\\/mava.cat\\\/producte\\\/coblanc-anillo-doblegrande\\\/?lang=es#primaryimage\",\"url\":\"https:\\\/\\\/mava.cat\\\/wp-content\\\/uploads\\\/2021\\\/11\\\/Mava_234.jpg\",\"contentUrl\":\"https:\\\/\\\/mava.cat\\\/wp-content\\\/uploads\\\/2021\\\/11\\\/Mava_234.jpg\",\"width\":430,\"height\":642,\"caption\":\"Processed with VSCO with e5 preset\"},{\"@type\":\"BreadcrumbList\",\"@id\":\"https:\\\/\\\/mava.cat\\\/producte\\\/coblanc-anillo-doblegrande\\\/?lang=es#breadcrumb\",\"itemListElement\":[{\"@type\":\"ListItem\",\"position\":1,\"name\":\"Inici\",\"item\":\"https:\\\/\\\/mava.cat\\\/\"},{\"@type\":\"ListItem\",\"position\":2,\"name\":\"JOYAS\",\"item\":\"https:\\\/\\\/mava.cat\\\/joyas\\\/?lang=es\"},{\"@type\":\"ListItem\",\"position\":3,\"name\":\"COBLANC ANILLO DOBLEGRANDE\"}]},{\"@type\":\"WebSite\",\"@id\":\"https:\\\/\\\/mava.cat\\\/#website\",\"url\":\"https:\\\/\\\/mava.cat\\\/\",\"name\":\"Mava\",\"description\":\"Joieria d&#039;autor\",\"potentialAction\":[{\"@type\":\"SearchAction\",\"target\":{\"@type\":\"EntryPoint\",\"urlTemplate\":\"https:\\\/\\\/mava.cat\\\/?s={search_term_string}\"},\"query-input\":{\"@type\":\"PropertyValueSpecification\",\"valueRequired\":true,\"valueName\":\"search_term_string\"}}],\"inLanguage\":\"es\"}]}<\/script>\n<!-- \/ Yoast SEO plugin. -->","yoast_head_json":{"title":"Anillo artesanal original Coblanc - Mava","description":"Anillo artesanal original Coblanc de plata de ley inspirado en el coral blanco. De estil org\u00e1nico con car\u00e1cter para llevarlo luciendo seguridad..","robots":{"index":"index","follow":"follow","max-snippet":"max-snippet:-1","max-image-preview":"max-image-preview:large","max-video-preview":"max-video-preview:-1"},"canonical":"https:\/\/mava.cat\/producte\/coblanc-anillo-doblegrande\/?lang=es","og_locale":"es_ES","og_type":"article","og_title":"Anillo artesanal original Coblanc - Mava","og_description":"Anillo artesanal original Coblanc de plata de ley inspirado en el coral blanco. De estil org\u00e1nico con car\u00e1cter para llevarlo luciendo seguridad..","og_url":"https:\/\/mava.cat\/producte\/coblanc-anillo-doblegrande\/?lang=es","og_site_name":"Mava","article_modified_time":"2021-12-18T15:48:51+00:00","og_image":[{"width":430,"height":642,"url":"https:\/\/mava.cat\/wp-content\/uploads\/2021\/11\/Mava_234.jpg","type":"image\/jpeg"}],"twitter_card":"summary_large_image","twitter_misc":{"Tiempo de lectura":"1 minuto"},"schema":{"@context":"https:\/\/schema.org","@graph":[{"@type":"WebPage","@id":"https:\/\/mava.cat\/producte\/coblanc-anillo-doblegrande\/?lang=es","url":"https:\/\/mava.cat\/producte\/coblanc-anillo-doblegrande\/?lang=es","name":"Anillo artesanal original Coblanc - Mava","isPartOf":{"@id":"https:\/\/mava.cat\/#website"},"primaryImageOfPage":{"@id":"https:\/\/mava.cat\/producte\/coblanc-anillo-doblegrande\/?lang=es#primaryimage"},"image":{"@id":"https:\/\/mava.cat\/producte\/coblanc-anillo-doblegrande\/?lang=es#primaryimage"},"thumbnailUrl":"https:\/\/mava.cat\/wp-content\/uploads\/2021\/11\/Mava_234.jpg","datePublished":"2021-03-06T12:52:44+00:00","dateModified":"2021-12-18T15:48:51+00:00","description":"Anillo artesanal original Coblanc de plata de ley inspirado en el coral blanco. De estil org\u00e1nico con car\u00e1cter para llevarlo luciendo seguridad..","breadcrumb":{"@id":"https:\/\/mava.cat\/producte\/coblanc-anillo-doblegrande\/?lang=es#breadcrumb"},"inLanguage":"es","potentialAction":[{"@type":"ReadAction","target":["https:\/\/mava.cat\/producte\/coblanc-anillo-doblegrande\/?lang=es"]}]},{"@type":"ImageObject","inLanguage":"es","@id":"https:\/\/mava.cat\/producte\/coblanc-anillo-doblegrande\/?lang=es#primaryimage","url":"https:\/\/mava.cat\/wp-content\/uploads\/2021\/11\/Mava_234.jpg","contentUrl":"https:\/\/mava.cat\/wp-content\/uploads\/2021\/11\/Mava_234.jpg","width":430,"height":642,"caption":"Processed with VSCO with e5 preset"},{"@type":"BreadcrumbList","@id":"https:\/\/mava.cat\/producte\/coblanc-anillo-doblegrande\/?lang=es#breadcrumb","itemListElement":[{"@type":"ListItem","position":1,"name":"Inici","item":"https:\/\/mava.cat\/"},{"@type":"ListItem","position":2,"name":"JOYAS","item":"https:\/\/mava.cat\/joyas\/?lang=es"},{"@type":"ListItem","position":3,"name":"COBLANC ANILLO DOBLEGRANDE"}]},{"@type":"WebSite","@id":"https:\/\/mava.cat\/#website","url":"https:\/\/mava.cat\/","name":"Mava","description":"Joieria d&#039;autor","potentialAction":[{"@type":"SearchAction","target":{"@type":"EntryPoint","urlTemplate":"https:\/\/mava.cat\/?s={search_term_string}"},"query-input":{"@type":"PropertyValueSpecification","valueRequired":true,"valueName":"search_term_string"}}],"inLanguage":"es"}]}},"_links":{"self":[{"href":"https:\/\/mava.cat\/es\/wp-json\/wp\/v2\/product\/13828","targetHints":{"allow":["GET"]}}],"collection":[{"href":"https:\/\/mava.cat\/es\/wp-json\/wp\/v2\/product"}],"about":[{"href":"https:\/\/mava.cat\/es\/wp-json\/wp\/v2\/types\/product"}],"wp:featuredmedia":[{"embeddable":true,"href":"https:\/\/mava.cat\/es\/wp-json\/wp\/v2\/media\/4635"}],"wp:attachment":[{"href":"https:\/\/mava.cat\/es\/wp-json\/wp\/v2\/media?parent=13828"}],"wp:term":[{"taxonomy":"product_brand","embeddable":true,"href":"https:\/\/mava.cat\/es\/wp-json\/wp\/v2\/product_brand?post=13828"},{"taxonomy":"product_cat","embeddable":true,"href":"https:\/\/mava.cat\/es\/wp-json\/wp\/v2\/product_cat?post=13828"},{"taxonomy":"product_tag","embeddable":true,"href":"https:\/\/mava.cat\/es\/wp-json\/wp\/v2\/product_tag?post=13828"}],"curies":[{"name":"wp","href":"https:\/\/api.w.org\/{rel}","templated":true}]}}