{"id":13940,"date":"2021-01-17T20:16:25","date_gmt":"2021-01-17T18:16:25","guid":{"rendered":"https:\/\/mava.cat\/producte\/cerchio-pendientes-dorados\/"},"modified":"2021-12-18T18:05:24","modified_gmt":"2021-12-18T16:05:24","slug":"cerchio-pendientes-dorados","status":"publish","type":"product","link":"https:\/\/mava.cat\/es\/producte\/cerchio-pendientes-dorados\/","title":{"rendered":"CERCHIO PENDIENTES DORADOS"},"content":{"rendered":"<p>Colecci\u00f3n inspirada en la geometr\u00eda plana. Cerchio es una colecci\u00f3n creada a partir de la circunferencia y su repetici\u00f3n. Tienen un estilo moderno y actual. <\/p>\n<p>Tienen un grabado con l\u00e1ser que da relieve a las piezas, creando un dibujo sim\u00e9trico. <\/p>\n","protected":false},"excerpt":{"rendered":"<p>Pendientes de plata de ley 925, ba\u00f1o oro amarillo con cierre mariposa. Medida de 4cm de di\u00e1metro (peso de la pareja 8,6gr) o 3 cm de di\u00e1metro (peso de la pareja 5,1gr)<\/p>\n","protected":false},"featured_media":5421,"template":"","meta":{"inline_featured_image":false,"_joinchat":[]},"product_brand":[],"product_cat":[164,162],"product_tag":[],"class_list":{"0":"post-13940","1":"product","2":"type-product","3":"status-publish","4":"has-post-thumbnail","6":"product_cat-cerchio-es","7":"product_cat-pendientes","9":"first","10":"outofstock","11":"shipping-taxable","12":"purchasable","13":"product-type-variable"},"yoast_head":"<!-- This site is optimized with the Yoast SEO plugin v27.4 - https:\/\/yoast.com\/product\/yoast-seo-wordpress\/ -->\n<title>Pendientes originales de plata con ba\u00f1o de oro Cerchio - Mava<\/title>\n<meta name=\"description\" content=\"Pendientes originales de plata con ba\u00f1o de oro Cerchio inspiradas en la geometr\u00eda plana de l\u00edneas modernas y actuales.\" \/>\n<meta name=\"robots\" content=\"index, follow, max-snippet:-1, max-image-preview:large, max-video-preview:-1\" \/>\n<link rel=\"canonical\" href=\"https:\/\/mava.cat\/producte\/cerchio-pendientes-dorados\/?lang=es\" \/>\n<meta property=\"og:locale\" content=\"es_ES\" \/>\n<meta property=\"og:type\" content=\"article\" \/>\n<meta property=\"og:title\" content=\"Pendientes originales de plata con ba\u00f1o de oro Cerchio - Mava\" \/>\n<meta property=\"og:description\" content=\"Pendientes originales de plata con ba\u00f1o de oro Cerchio inspiradas en la geometr\u00eda plana de l\u00edneas modernas y actuales.\" \/>\n<meta property=\"og:url\" content=\"https:\/\/mava.cat\/producte\/cerchio-pendientes-dorados\/?lang=es\" \/>\n<meta property=\"og:site_name\" content=\"Mava\" \/>\n<meta property=\"article:modified_time\" content=\"2021-12-18T16:05:24+00:00\" \/>\n<meta property=\"og:image\" content=\"https:\/\/mava.cat\/wp-content\/uploads\/2021\/01\/Mava_127.jpg\" \/>\n\t<meta property=\"og:image:width\" content=\"428\" \/>\n\t<meta property=\"og:image:height\" content=\"642\" \/>\n\t<meta property=\"og:image:type\" content=\"image\/jpeg\" \/>\n<meta name=\"twitter:card\" content=\"summary_large_image\" \/>\n<script type=\"application\/ld+json\" class=\"yoast-schema-graph\">{\"@context\":\"https:\\\/\\\/schema.org\",\"@graph\":[{\"@type\":\"WebPage\",\"@id\":\"https:\\\/\\\/mava.cat\\\/producte\\\/cerchio-pendientes-dorados\\\/?lang=es\",\"url\":\"https:\\\/\\\/mava.cat\\\/producte\\\/cerchio-pendientes-dorados\\\/?lang=es\",\"name\":\"Pendientes originales de plata con ba\u00f1o de oro Cerchio - Mava\",\"isPartOf\":{\"@id\":\"https:\\\/\\\/mava.cat\\\/#website\"},\"primaryImageOfPage\":{\"@id\":\"https:\\\/\\\/mava.cat\\\/producte\\\/cerchio-pendientes-dorados\\\/?lang=es#primaryimage\"},\"image\":{\"@id\":\"https:\\\/\\\/mava.cat\\\/producte\\\/cerchio-pendientes-dorados\\\/?lang=es#primaryimage\"},\"thumbnailUrl\":\"https:\\\/\\\/mava.cat\\\/wp-content\\\/uploads\\\/2021\\\/01\\\/Mava_127.jpg\",\"datePublished\":\"2021-01-17T18:16:25+00:00\",\"dateModified\":\"2021-12-18T16:05:24+00:00\",\"description\":\"Pendientes originales de plata con ba\u00f1o de oro Cerchio inspiradas en la geometr\u00eda plana de l\u00edneas modernas y actuales.\",\"breadcrumb\":{\"@id\":\"https:\\\/\\\/mava.cat\\\/producte\\\/cerchio-pendientes-dorados\\\/?lang=es#breadcrumb\"},\"inLanguage\":\"es\",\"potentialAction\":[{\"@type\":\"ReadAction\",\"target\":[\"https:\\\/\\\/mava.cat\\\/producte\\\/cerchio-pendientes-dorados\\\/?lang=es\"]}]},{\"@type\":\"ImageObject\",\"inLanguage\":\"es\",\"@id\":\"https:\\\/\\\/mava.cat\\\/producte\\\/cerchio-pendientes-dorados\\\/?lang=es#primaryimage\",\"url\":\"https:\\\/\\\/mava.cat\\\/wp-content\\\/uploads\\\/2021\\\/01\\\/Mava_127.jpg\",\"contentUrl\":\"https:\\\/\\\/mava.cat\\\/wp-content\\\/uploads\\\/2021\\\/01\\\/Mava_127.jpg\",\"width\":428,\"height\":642,\"caption\":\"Processed with VSCO with e5 preset\"},{\"@type\":\"BreadcrumbList\",\"@id\":\"https:\\\/\\\/mava.cat\\\/producte\\\/cerchio-pendientes-dorados\\\/?lang=es#breadcrumb\",\"itemListElement\":[{\"@type\":\"ListItem\",\"position\":1,\"name\":\"Inici\",\"item\":\"https:\\\/\\\/mava.cat\\\/\"},{\"@type\":\"ListItem\",\"position\":2,\"name\":\"JOYAS\",\"item\":\"https:\\\/\\\/mava.cat\\\/joyas\\\/?lang=es\"},{\"@type\":\"ListItem\",\"position\":3,\"name\":\"CERCHIO PENDIENTES DORADOS\"}]},{\"@type\":\"WebSite\",\"@id\":\"https:\\\/\\\/mava.cat\\\/#website\",\"url\":\"https:\\\/\\\/mava.cat\\\/\",\"name\":\"Mava\",\"description\":\"Joieria d&#039;autor\",\"potentialAction\":[{\"@type\":\"SearchAction\",\"target\":{\"@type\":\"EntryPoint\",\"urlTemplate\":\"https:\\\/\\\/mava.cat\\\/?s={search_term_string}\"},\"query-input\":{\"@type\":\"PropertyValueSpecification\",\"valueRequired\":true,\"valueName\":\"search_term_string\"}}],\"inLanguage\":\"es\"}]}<\/script>\n<!-- \/ Yoast SEO plugin. -->","yoast_head_json":{"title":"Pendientes originales de plata con ba\u00f1o de oro Cerchio - Mava","description":"Pendientes originales de plata con ba\u00f1o de oro Cerchio inspiradas en la geometr\u00eda plana de l\u00edneas modernas y actuales.","robots":{"index":"index","follow":"follow","max-snippet":"max-snippet:-1","max-image-preview":"max-image-preview:large","max-video-preview":"max-video-preview:-1"},"canonical":"https:\/\/mava.cat\/producte\/cerchio-pendientes-dorados\/?lang=es","og_locale":"es_ES","og_type":"article","og_title":"Pendientes originales de plata con ba\u00f1o de oro Cerchio - Mava","og_description":"Pendientes originales de plata con ba\u00f1o de oro Cerchio inspiradas en la geometr\u00eda plana de l\u00edneas modernas y actuales.","og_url":"https:\/\/mava.cat\/producte\/cerchio-pendientes-dorados\/?lang=es","og_site_name":"Mava","article_modified_time":"2021-12-18T16:05:24+00:00","og_image":[{"width":428,"height":642,"url":"https:\/\/mava.cat\/wp-content\/uploads\/2021\/01\/Mava_127.jpg","type":"image\/jpeg"}],"twitter_card":"summary_large_image","schema":{"@context":"https:\/\/schema.org","@graph":[{"@type":"WebPage","@id":"https:\/\/mava.cat\/producte\/cerchio-pendientes-dorados\/?lang=es","url":"https:\/\/mava.cat\/producte\/cerchio-pendientes-dorados\/?lang=es","name":"Pendientes originales de plata con ba\u00f1o de oro Cerchio - Mava","isPartOf":{"@id":"https:\/\/mava.cat\/#website"},"primaryImageOfPage":{"@id":"https:\/\/mava.cat\/producte\/cerchio-pendientes-dorados\/?lang=es#primaryimage"},"image":{"@id":"https:\/\/mava.cat\/producte\/cerchio-pendientes-dorados\/?lang=es#primaryimage"},"thumbnailUrl":"https:\/\/mava.cat\/wp-content\/uploads\/2021\/01\/Mava_127.jpg","datePublished":"2021-01-17T18:16:25+00:00","dateModified":"2021-12-18T16:05:24+00:00","description":"Pendientes originales de plata con ba\u00f1o de oro Cerchio inspiradas en la geometr\u00eda plana de l\u00edneas modernas y actuales.","breadcrumb":{"@id":"https:\/\/mava.cat\/producte\/cerchio-pendientes-dorados\/?lang=es#breadcrumb"},"inLanguage":"es","potentialAction":[{"@type":"ReadAction","target":["https:\/\/mava.cat\/producte\/cerchio-pendientes-dorados\/?lang=es"]}]},{"@type":"ImageObject","inLanguage":"es","@id":"https:\/\/mava.cat\/producte\/cerchio-pendientes-dorados\/?lang=es#primaryimage","url":"https:\/\/mava.cat\/wp-content\/uploads\/2021\/01\/Mava_127.jpg","contentUrl":"https:\/\/mava.cat\/wp-content\/uploads\/2021\/01\/Mava_127.jpg","width":428,"height":642,"caption":"Processed with VSCO with e5 preset"},{"@type":"BreadcrumbList","@id":"https:\/\/mava.cat\/producte\/cerchio-pendientes-dorados\/?lang=es#breadcrumb","itemListElement":[{"@type":"ListItem","position":1,"name":"Inici","item":"https:\/\/mava.cat\/"},{"@type":"ListItem","position":2,"name":"JOYAS","item":"https:\/\/mava.cat\/joyas\/?lang=es"},{"@type":"ListItem","position":3,"name":"CERCHIO PENDIENTES DORADOS"}]},{"@type":"WebSite","@id":"https:\/\/mava.cat\/#website","url":"https:\/\/mava.cat\/","name":"Mava","description":"Joieria d&#039;autor","potentialAction":[{"@type":"SearchAction","target":{"@type":"EntryPoint","urlTemplate":"https:\/\/mava.cat\/?s={search_term_string}"},"query-input":{"@type":"PropertyValueSpecification","valueRequired":true,"valueName":"search_term_string"}}],"inLanguage":"es"}]}},"_links":{"self":[{"href":"https:\/\/mava.cat\/es\/wp-json\/wp\/v2\/product\/13940","targetHints":{"allow":["GET"]}}],"collection":[{"href":"https:\/\/mava.cat\/es\/wp-json\/wp\/v2\/product"}],"about":[{"href":"https:\/\/mava.cat\/es\/wp-json\/wp\/v2\/types\/product"}],"wp:featuredmedia":[{"embeddable":true,"href":"https:\/\/mava.cat\/es\/wp-json\/wp\/v2\/media\/5421"}],"wp:attachment":[{"href":"https:\/\/mava.cat\/es\/wp-json\/wp\/v2\/media?parent=13940"}],"wp:term":[{"taxonomy":"product_brand","embeddable":true,"href":"https:\/\/mava.cat\/es\/wp-json\/wp\/v2\/product_brand?post=13940"},{"taxonomy":"product_cat","embeddable":true,"href":"https:\/\/mava.cat\/es\/wp-json\/wp\/v2\/product_cat?post=13940"},{"taxonomy":"product_tag","embeddable":true,"href":"https:\/\/mava.cat\/es\/wp-json\/wp\/v2\/product_tag?post=13940"}],"curies":[{"name":"wp","href":"https:\/\/api.w.org\/{rel}","templated":true}]}}